{"id":66,"date":"2014-09-25T21:46:55","date_gmt":"2014-09-25T20:46:55","guid":{"rendered":"https:\/\/letourdumondeen.fr\/?page_id=66"},"modified":"2014-11-29T15:08:35","modified_gmt":"2014-11-29T14:08:35","slug":"son-sac-a-dos","status":"publish","type":"page","link":"https:\/\/letourdumondeen.fr\/?page_id=66","title":{"rendered":"Le sac a dos"},"content":{"rendered":"<p>Nous sommes le 25 Octobre 2014, Il est 22h. Dans 10 heures, l&rsquo;Airbus A380 de Emirates d\u00e9colle de Paris &#8211; Charles de Gaulle pour Dubai. Il est 22h, et les sacs \u00e0 dos ne sont pas encore zipp\u00e9s. Disons m\u00eame que leur \u00e9tat inqui\u00e8te. <!--more-->Comment peut ont faire entrer tout ce bazar dans un sac aussi petit?<\/p><p><a href=\"https:\/\/letourdumondeen.fr\/wp-content\/uploads\/2014\/09\/DSC_6752.jpg\" rel=\"lightbox[66]\"><img loading=\"lazy\" decoding=\"async\" class=\"aligncenter wp-image-255 size-medium\" src=\"https:\/\/letourdumondeen.fr\/wp-content\/uploads\/2014\/09\/DSC_6752-300x198.jpg\" alt=\"Toutes nos affaires\" width=\"300\" height=\"198\" srcset=\"https:\/\/letourdumondeen.fr\/wp-content\/uploads\/2014\/09\/DSC_6752-300x198.jpg 300w, https:\/\/letourdumondeen.fr\/wp-content\/uploads\/2014\/09\/DSC_6752-1024x678.jpg 1024w\" sizes=\"auto, (max-width: 300px) 100vw, 300px\" \/><\/a><\/p><p>Apr\u00e8s quelques doutes et un l\u00e9ger stresse, tout ce beau monde finit par loger dans les petits 60 litres des sacs. On doit m\u00eame pouvoir faire entrer un petit sac suppl\u00e9mentaire dedans. Ouf.<\/p><p>La rituelle pes\u00e9e a\u00e9roportuaire a parl\u00e9: 11kg chacun.<\/p><p><a href=\"https:\/\/letourdumondeen.fr\/wp-content\/uploads\/2014\/09\/DSCN1162.jpg\" rel=\"lightbox[66]\"><img loading=\"lazy\" decoding=\"async\" class=\"aligncenter size-medium wp-image-1054\" src=\"https:\/\/letourdumondeen.fr\/wp-content\/uploads\/2014\/09\/DSCN1162-300x225.jpg\" alt=\"Notre armoire pour un an\" width=\"300\" height=\"225\" srcset=\"https:\/\/letourdumondeen.fr\/wp-content\/uploads\/2014\/09\/DSCN1162-300x225.jpg 300w, https:\/\/letourdumondeen.fr\/wp-content\/uploads\/2014\/09\/DSCN1162.jpg 829w\" sizes=\"auto, (max-width: 300px) 100vw, 300px\" \/><\/a><\/p><p><strong>Dans le sac \u00e0 dos de Virginie<\/strong><br \/>\n1 Chapeau<br \/>\ndes lunettes de soleil<br \/>\n1 foulard<br \/>\nSous-v\u00eatements pour 1 semaine<br \/>\n1 pyjama<br \/>\n3 tee shirts<br \/>\n1 d\u00e9bardeurs<br \/>\n1 jean<br \/>\n1 pantalon\/short<br \/>\n2 shorts<br \/>\n1 tee shirt manche longue \u00ab\u00a0technique\u00a0\u00bb<br \/>\n1 blouse manche longues<br \/>\n1 veste polaire<br \/>\n1 veste imperm\u00e9able technique<br \/>\n1 paire de sandale<br \/>\n1 paire de basket \/ rando<br \/>\n1 savon et sa bo\u00eete<br \/>\n2 serviettes de bain microfibre<br \/>\n1 maillot de bain<br \/>\n1 gourde + tuyau \u00ab\u00a0paille\u00a0\u00bb<br \/>\n1 lampe frontale<br \/>\n1 paire d&rsquo;\u00e9couteurs<br \/>\n1 coussin tour de cou gonflable<br \/>\n1 sac \u00e0 dos petit format<br \/>\n1 liseuse<br \/>\n1 petit appareil photo<\/p><p><strong>Dans le sac \u00e0 dos d&rsquo;Arnaud<\/strong><br \/>\n1 casquette Utah Rocks<br \/>\n1 paire de lunettes de soleil<br \/>\n1 \u00e9charpe\/bandeau<br \/>\nSous-v\u00eatements pour 1 semaine<br \/>\n1 pyjama<br \/>\n3 tee shirts<br \/>\n1 chemise<br \/>\n1 jean<br \/>\n1 pantalon\/short<br \/>\n1 short<br \/>\n1 veste polaire<br \/>\n1 veste imperm\u00e9able<br \/>\n1 paire de sandale<br \/>\n1 paire de chaussures de randonn\u00e9e<br \/>\n1 savon et sa bo\u00eete<br \/>\n1 serviettes microfibres<br \/>\n1 maillot de bain<br \/>\n1 camel pack<br \/>\n1 lampe frontale<br \/>\n1 paire d&rsquo;\u00e9couteurs<br \/>\n1 sac \u00e0 dos petit format<br \/>\n1 Guitalele<br \/>\n1 liseuse<br \/>\n1 couteau suisse<br \/>\n1 reflex et son tr\u00e9pied<\/p><p><strong>A r\u00e9partir, pour entre les deux<\/strong><br \/>\nDes m\u00e9dicaments, beaucoup de<br \/>\n1 savon de Marseille pour la lessive<br \/>\n1 shampoing<br \/>\nGel hydroalcoolique<br \/>\nMini trousse de couture<br \/>\nCoupe ongles, Pince \u00e0 \u00e9piler<br \/>\nBoules Quies et masque pour (bien) dormir<\/p><p>1 carnet de notes et stylos<br \/>\n1 prise universelle<br \/>\n1 ordinateur pour le blog \ud83d\ude09<\/p>\n","protected":false},"excerpt":{"rendered":"<p>Nous sommes le 25 Octobre 2014, Il est 22h. Dans 10 heures, l&rsquo;Airbus A380 de Emirates d\u00e9colle de Paris &#8211; Charles de Gaulle pour Dubai. Il est 22h, et les sacs \u00e0 dos ne sont pas encore zipp\u00e9s. Disons m\u00eame<\/p>\n","protected":false},"author":1,"featured_media":255,"parent":144,"menu_order":0,"comment_status":"open","ping_status":"open","template":"","meta":{"ngg_post_thumbnail":0,"footnotes":"","_links_to":"","_links_to_target":""},"class_list":["post-66","page","type-page","status-publish","has-post-thumbnail","hentry"],"_links":{"self":[{"href":"https:\/\/letourdumondeen.fr\/index.php?rest_route=\/wp\/v2\/pages\/66","targetHints":{"allow":["GET"]}}],"collection":[{"href":"https:\/\/letourdumondeen.fr\/index.php?rest_route=\/wp\/v2\/pages"}],"about":[{"href":"https:\/\/letourdumondeen.fr\/index.php?rest_route=\/wp\/v2\/types\/page"}],"author":[{"embeddable":true,"href":"https:\/\/letourdumondeen.fr\/index.php?rest_route=\/wp\/v2\/users\/1"}],"replies":[{"embeddable":true,"href":"https:\/\/letourdumondeen.fr\/index.php?rest_route=%2Fwp%2Fv2%2Fcomments&post=66"}],"version-history":[{"count":7,"href":"https:\/\/letourdumondeen.fr\/index.php?rest_route=\/wp\/v2\/pages\/66\/revisions"}],"predecessor-version":[{"id":1077,"href":"https:\/\/letourdumondeen.fr\/index.php?rest_route=\/wp\/v2\/pages\/66\/revisions\/1077"}],"up":[{"embeddable":true,"href":"https:\/\/letourdumondeen.fr\/index.php?rest_route=\/wp\/v2\/pages\/144"}],"wp:featuredmedia":[{"embeddable":true,"href":"https:\/\/letourdumondeen.fr\/index.php?rest_route=\/wp\/v2\/media\/255"}],"wp:attachment":[{"href":"https:\/\/letourdumondeen.fr\/index.php?rest_route=%2Fwp%2Fv2%2Fmedia&parent=66"}],"curies":[{"name":"wp","href":"https:\/\/api.w.org\/{rel}","templated":true}]}}