{"id":64,"date":"2014-09-25T21:46:36","date_gmt":"2014-09-25T20:46:36","guid":{"rendered":"https:\/\/letourdumondeen.fr\/?page_id=64"},"modified":"2015-06-18T03:38:00","modified_gmt":"2015-06-18T02:38:00","slug":"les-visas","status":"publish","type":"page","link":"https:\/\/letourdumondeen.fr\/?page_id=64","title":{"rendered":"Les visas"},"content":{"rendered":"<p>Voyager \u00e0 l&rsquo;\u00e9tranger rime souvent avec formalit\u00e9s administratives pour acqu\u00e9rir le s\u00e9same qui permettra de d\u00e9couvrir un nouveau pays : le VISA.<\/p><p>Pour notre voyage autour du monde, nous avons d\u00fb nous poser ces questions uniquement pour notre p\u00e9riple en Asie, les Fran\u00e7ais ayant droit \u00e0 des exemptions de visa pour des s\u00e9jours de moins de 3 mois dans les pays d&rsquo;Am\u00e9rique du Sud. En pr\u00e9parant notre itin\u00e9raire nous nous \u00e9tions bien renseign\u00e9s (sur le site de l&rsquo;ambassade fran\u00e7aise et sur divers blogs de voyageurs) sur les contraintes et les conditions que repr\u00e9senteraient ces demandes de visa : nous avions estim\u00e9 une enveloppe budg\u00e9taire d\u00e9di\u00e9e aux visas pour \u00eatre en mesure de partir avec des dollars tous beaux, tous neufs, et m\u00eame calcul\u00e9 le nombre de photos d&rsquo;identit\u00e9 qu&rsquo;il nous faudrait.<\/p><p>Voici un compte-rendu de nos travers\u00e9es de fronti\u00e8res.<\/p><p>En r\u00e8gle g\u00e9n\u00e9rale, nous avons essay\u00e9 de tout faire par nous m\u00eame, sans passer par des interm\u00e9diaires, que ce soit pour la r\u00e9alisation des visas ou pour les transports pour se rendre aux fronti\u00e8res. Ceci dans l&rsquo;objectif d&rsquo;\u00e9viter les commissions, souvent excessives. Comme vous pourrez le lire, \u00e7a n&rsquo;a pas toujours \u00e9t\u00e9 \u00e9vident ou rentable niveau temps perdu \/ dollars \u00e9conomis\u00e9s.<\/p>\n<h6>INDE<\/h6><p>Notre visa pour l&rsquo;Inde est le seul que nous avons pu nous procurer avant notre d\u00e9part, ce qui \u00e9tait de toute fa\u00e7on indispensable puisque le pays ne d\u00e9livre pas ce laissez-passer \u00e0 l&rsquo;arriv\u00e9e. C&rsquo;est l&rsquo;un des visas les plus chers : 64 \u20ac.<\/p><p>Il ne faut pas se rendre \u00e0 l&rsquo;ambassade, mais passer par l&rsquo;une des agences officielles qui d\u00e9livrent le pr\u00e9cieux document, aux horaires assez contraignants, et fournir de nombreuses informations, comme la profession de ses parents, leur \u00e9ventuel lien avec le Pakistan ou encore son appartenance religieuse. Nous conseillons donc de bien pr\u00e9parer son dossier pour ne pas se d\u00e9placer pour rien. Un employ\u00e9 ne fait d&rsquo;ailleurs entrer que les personnes dont le dossier est complet dans le bureau.<\/p>\n<h6>N\u00c9PAL<\/h6><p><a href=\"https:\/\/letourdumondeen.fr\/wp-content\/uploads\/2014\/09\/DSCN1185.jpg\" rel=\"lightbox[64]\"><img loading=\"lazy\" decoding=\"async\" class=\" size-medium wp-image-5838 alignleft\" src=\"https:\/\/letourdumondeen.fr\/wp-content\/uploads\/2014\/09\/DSCN1185-300x225.jpg\" alt=\"DSCN1185\" width=\"300\" height=\"225\" srcset=\"https:\/\/letourdumondeen.fr\/wp-content\/uploads\/2014\/09\/DSCN1185-300x225.jpg 300w, https:\/\/letourdumondeen.fr\/wp-content\/uploads\/2014\/09\/DSCN1185.jpg 829w\" sizes=\"auto, (max-width: 300px) 100vw, 300px\" \/><\/a>Nous sommes arriv\u00e9s au N\u00e9pal par voie terrestre depuis l&rsquo;Inde, \u00e0 Sunauli, et nous avons obtenu notre visa sur place, contre 20$.<\/p><p>Les employ\u00e9s du poste fronti\u00e8re \u00e9taient particuli\u00e8rement d\u00e9contract\u00e9s et sympathiques, nous guidant pour remplir le formulaire. En \u00e0 peine une demi-heure, notre visa \u00e9tait pr\u00eat.<\/p><p>Nous y avons rencontr\u00e9 un Suisse qui, apr\u00e8s avoir travers\u00e9 la fronti\u00e8re en tuk-tuk sans passer par les diff\u00e9rents contr\u00f4les, a pu faire le chemin inverse sans probl\u00e8me, une fois son erreur r\u00e9alis\u00e9e. Ambiance d\u00e9contract\u00e9e, on vous disait.<a href=\"https:\/\/letourdumondeen.fr\/wp-content\/uploads\/2014\/09\/DSCN1188.jpg\" rel=\"lightbox[64]\"><img loading=\"lazy\" decoding=\"async\" class=\" size-medium wp-image-5839 alignright\" src=\"https:\/\/letourdumondeen.fr\/wp-content\/uploads\/2014\/09\/DSCN1188-300x225.jpg\" alt=\"DSCN1188\" width=\"300\" height=\"225\" srcset=\"https:\/\/letourdumondeen.fr\/wp-content\/uploads\/2014\/09\/DSCN1188-300x225.jpg 300w, https:\/\/letourdumondeen.fr\/wp-content\/uploads\/2014\/09\/DSCN1188.jpg 829w\" sizes=\"auto, (max-width: 300px) 100vw, 300px\" \/><\/a><\/p><p>Il n&rsquo;est par ailleurs pas n\u00e9cessaire d&rsquo;\u00e9couter les personnes qui vous diront que vous n&rsquo;avez pas le droit de sortir du territoire avec des roupies indiennes et que vous devez les changer avant de continuer. Ceci est bien entendu faux et les taux propos\u00e9s par les agences et leurs rabatteurs sont bien souvent trop \u00e9lev\u00e9s. En ce qui nous concerne, nous avons pu payer les 1er bus au N\u00e9pal (pour aller \u00e0 Lumbini) en roupies indiennes sans probl\u00e8me, ce qui nous a permis de nous d\u00e9barrasser des quelques billets qui nous restaient.<\/p>\n<h6>BIRMANIE<\/h6><p>A l&rsquo;\u00e9poque de la pr\u00e9paration de notre voyage, on ne pouvait entrer en Birmanie qu&rsquo;en avion, et avec un visa \u00e9tabli \u00e0 l&rsquo;avance. Nous avons donc effectu\u00e9 la d\u00e9marche \u00e0 l&rsquo;ambassade du Myanmar \u00e0 Katmandou, au N\u00e9pal.<\/p><p>Le visa co\u00fbte 20$, et on essaye de vous vendre un calendrier souvenir \u00ab\u00a0obligatoire\u00a0\u00bb pour 5$.<\/p><p>Apr\u00e8s avoir longtemps expliqu\u00e9 que nous n&rsquo;avions vraiment pas besoin d&rsquo;un objet aussi encombrant qu&rsquo;un calendrier de 30x30cm, l&#8217;employ\u00e9 de l&rsquo;ambassade a bien voulu prendre notre dossier, contre un re\u00e7u stipulant \u00ab\u00a0agenda denied\u00a0\u00bb. Deux jours plus tard, nos visas nous attendaient au m\u00eame endroit.<\/p>\n<h6>THAILANDE<\/h6><p>Les Fran\u00e7ais, entre autres, ont droit \u00e0 une exemption de visa pour des s\u00e9jours de moins de 30 jours en Tha\u00eflande. Comme nous n&rsquo;y sommes rest\u00e9s que 3 semaines, nous n&rsquo;avons eu aucune d\u00e9marche particuli\u00e8re \u00e0 effectuer.<\/p>\n<h6>LAOS<\/h6><p><a href=\"https:\/\/letourdumondeen.fr\/wp-content\/uploads\/2014\/09\/DSCN3687.jpg\" rel=\"lightbox[64]\"><img loading=\"lazy\" decoding=\"async\" class=\" size-medium wp-image-5840 alignleft\" src=\"https:\/\/letourdumondeen.fr\/wp-content\/uploads\/2014\/09\/DSCN3687-300x225.jpg\" alt=\"DSCN3687\" width=\"300\" height=\"225\" srcset=\"https:\/\/letourdumondeen.fr\/wp-content\/uploads\/2014\/09\/DSCN3687-300x225.jpg 300w, https:\/\/letourdumondeen.fr\/wp-content\/uploads\/2014\/09\/DSCN3687.jpg 829w\" sizes=\"auto, (max-width: 300px) 100vw, 300px\" \/><\/a>Nous avons travers\u00e9 la fronti\u00e8re entre la Tha\u00eflande et le Laos au sud de Ventiane. Le passage se fait par un pont qui enjambe le M\u00e9kong\u00a0: le pont de l&rsquo;amiti\u00e9. Le visa nous a co\u00fbt\u00e9 31$ (dont 1$ suppl\u00e9mentaire car nous \u00e9tions le week-end), et son obtention n&rsquo;est qu&rsquo;une formalit\u00e9, si vous avez la chance de tomber sur un bureau ouvert.<a href=\"https:\/\/letourdumondeen.fr\/wp-content\/uploads\/2014\/09\/DSCN3693.jpg\" rel=\"lightbox[64]\"><img loading=\"lazy\" decoding=\"async\" class=\" size-medium wp-image-5841 alignright\" src=\"https:\/\/letourdumondeen.fr\/wp-content\/uploads\/2014\/09\/DSCN3693-300x225.jpg\" alt=\"DSCN3693\" width=\"300\" height=\"225\" srcset=\"https:\/\/letourdumondeen.fr\/wp-content\/uploads\/2014\/09\/DSCN3693-300x225.jpg 300w, https:\/\/letourdumondeen.fr\/wp-content\/uploads\/2014\/09\/DSCN3693.jpg 829w\" sizes=\"auto, (max-width: 300px) 100vw, 300px\" \/><\/a><\/p><p>Dans notre cas, tout s&rsquo;est bien pass\u00e9 jusqu&rsquo;\u00e0 ce qu&rsquo;on nous remette nos passeports, et qu&rsquo;on se rende compte que certains documents ne comportaient pas la bonne date. Nous avons donc voulu faire corriger l&rsquo;erreur, mais le bureau avait, en l&rsquo;espace de 5 minutes, ferm\u00e9 pour la pause. Apr\u00e8s 30 minutes de patience et l&rsquo;erreur corrig\u00e9e, nous avons pu entrer au Laos \ud83d\ude42<\/p>\n<h6>CAMBODGE<\/h6><p>En partant du Laos, on nous avait pr\u00e9venu que le passage de la fronti\u00e8re avec le Cambodge \u00e9tait parfois compliqu\u00e9&#8230; Et en effet, on a pu constater que c&rsquo;est un joyeux bordel\u00a0!<\/p><p>Pour s&rsquo;y rendre, nous prenons un bus international, qui part de Ban Napasan et rejoint les principaux sites touristiques du Cambodge, en une douzaine d&rsquo;heures (il ne semble pas y avoir d&rsquo;autres alternatives). Comme le rapportent de nombreuses personnes, la compagnie de bus joue aussi le r\u00f4le d&rsquo;agence touristique et propose de faire les d\u00e9marches administratives pour le visa du Cambodge \u00e0 votre place, pour 40$. Le visa ne co\u00fbtant normalement que 30$, on se dit qu&rsquo;on pourra bien sortir du bus le temps de tout faire nous m\u00eame.<\/p><p>Mais voil\u00e0, au Laos, il faut payer 3$ pour avoir le tampon de sortie, alors que c&rsquo;est totalement ill\u00e9gal.<\/p><p>Au Cambodge, on annonce un prix de 35$ pour le visa, et un contr\u00f4le m\u00e9dical bidon obligatoire pour 2$ de plus.<\/p><p><a href=\"https:\/\/letourdumondeen.fr\/wp-content\/uploads\/2014\/09\/DSCN5477.jpg\" rel=\"lightbox[64]\"><img loading=\"lazy\" decoding=\"async\" class=\" size-medium wp-image-5842 aligncenter\" src=\"https:\/\/letourdumondeen.fr\/wp-content\/uploads\/2014\/09\/DSCN5477-300x225.jpg\" alt=\"DSCN5477\" width=\"300\" height=\"225\" srcset=\"https:\/\/letourdumondeen.fr\/wp-content\/uploads\/2014\/09\/DSCN5477-300x225.jpg 300w, https:\/\/letourdumondeen.fr\/wp-content\/uploads\/2014\/09\/DSCN5477.jpg 829w\" sizes=\"auto, (max-width: 300px) 100vw, 300px\" \/><\/a><\/p><p>Apr\u00e8s n\u00e9gociation, car en effet, tout est n\u00e9gociable, on a pu sortir du Laos pour 2$ chacun et avoir un \u00ab\u00a0contr\u00f4le m\u00e9dical\u00a0\u00bb gratuit du c\u00f4t\u00e9 cambodgien. Certains on attendu plusieurs heures et ont bien obtenu leur visa \u00e0 30$. De notre c\u00f4t\u00e9, comme le temps passait et que le bus nous attendait de l&rsquo;autre c\u00f4t\u00e9 de la fronti\u00e8re, nous avons capitul\u00e9 pour le prix sur\u00e9lev\u00e9. Nous \u00e9tions quand m\u00eame un groupe de 10 \u00e0 protester (presque que des fran\u00e7ais), mais cela n&rsquo;aura servi \u00e0 rien.<\/p><p>Avec un total de 37$, 1h30 de palabres sous le soleil, et apr\u00e8s avoir vu le bus commencer \u00e0 partir sans nous (mais avec nos bagages), on se dit que payer 40$ pour passer par un interm\u00e9diaire vaut peut-\u00eatre le co\u00fbt\u2026 Si on ne veut pas entretenir la corruption ambiante, apr\u00e8s r\u00e9flexion, le mieux est s\u00fbrement de faire \u00e9tablir son visa \u00e0 l&rsquo;avance dans une ambassade ou un consulat cambodgien, de fa\u00e7on \u00e0 payer le juste prix.<\/p>\n<h6>VIETNAM<\/h6><p><a href=\"https:\/\/letourdumondeen.fr\/wp-content\/uploads\/2014\/09\/DSCN5872.jpg\" rel=\"lightbox[64]\"><img loading=\"lazy\" decoding=\"async\" class=\" size-medium wp-image-5844 alignleft\" src=\"https:\/\/letourdumondeen.fr\/wp-content\/uploads\/2014\/09\/DSCN5872-300x225.jpg\" alt=\"DSCN5872\" width=\"300\" height=\"225\" srcset=\"https:\/\/letourdumondeen.fr\/wp-content\/uploads\/2014\/09\/DSCN5872-300x225.jpg 300w, https:\/\/letourdumondeen.fr\/wp-content\/uploads\/2014\/09\/DSCN5872.jpg 829w\" sizes=\"auto, (max-width: 300px) 100vw, 300px\" \/><\/a>Une personne rencontr\u00e9e en chemin nous avait expliqu\u00e9 qu&rsquo;on pouvait se rendre du Cambodge au Vietnam en bateau, en descendant le M\u00e9kong. Suivant ce conseil, nous avons quitt\u00e9 Phnom Penh pour Chau Doc (Vietnam) par voie fluviale. Le billet co\u00fbte environ 25$ et le visa 60$. L&#8217;embarcation s&rsquo;arr\u00eate successivement aux postes fronti\u00e8res des deux pays, au bord du fleuve, et offre une vue superbe du c\u00f4t\u00e9 vietnamien.<a href=\"https:\/\/letourdumondeen.fr\/wp-content\/uploads\/2014\/09\/DSCN5869-e1434510140157.jpg\" rel=\"lightbox[64]\"><img loading=\"lazy\" decoding=\"async\" class=\" size-medium wp-image-5843 alignright\" src=\"https:\/\/letourdumondeen.fr\/wp-content\/uploads\/2014\/09\/DSCN5869-e1434510140157-225x300.jpg\" alt=\"DSCN5869\" width=\"225\" height=\"300\" srcset=\"https:\/\/letourdumondeen.fr\/wp-content\/uploads\/2014\/09\/DSCN5869-e1434510140157-225x300.jpg 225w, https:\/\/letourdumondeen.fr\/wp-content\/uploads\/2014\/09\/DSCN5869-e1434510140157.jpg 622w\" sizes=\"auto, (max-width: 225px) 100vw, 225px\" \/><\/a><\/p><p>Il est n\u00e9cessaire de faire son visa en avance pour le Vietnam, celui-ci ne pouvant \u00eatre remis lors de l&rsquo;arriv\u00e9e \u00e0 la fronti\u00e8re. Pour une fois, nous d\u00e9cidons de d\u00e9l\u00e9guer les formalit\u00e9s administratives \u00e0 un tiers et passons par notre h\u00f4tel \u00e0 Phnom Penh pour le r\u00e9aliser. Le surco\u00fbt propos\u00e9 par l&rsquo;h\u00f4tel est de 3$ par visa, soit 6$ pour nous deux, ce qui \u00e9quivalait au co\u00fbt du trajet en tuk-tuk pour se rendre \u00e0 l&rsquo;ambassade. Rien de particulier \u00e0 signaler, tout s&rsquo;est pass\u00e9 tr\u00e8s vite et sans soucis.<\/p>\n<h6>JAPON<\/h6><p>Les Fran\u00e7ais, entre autres, ont droit \u00e0 une exemption de visa pour des courts s\u00e9jours au Japon.<\/p><p>A notre arriv\u00e9e \u00e0 Osaka, on nous rel\u00e8ve nos empruntes digitales et on nous prend en photo. Ici c&rsquo;est du s\u00e9rieux, les bagages sont fouill\u00e9s tr\u00e8s r\u00e9guli\u00e8rement, et franchement, on n&rsquo;a pas eu envie de plaisanter avec les douaniers.<\/p><p>&nbsp;<\/p><p>Finalement, mis \u00e0 part le passage Laos\/Cambodge (mais on \u00e9tait pr\u00e9venu), tout s&rsquo;est pass\u00e9 sans encombre. Il est assez facile de faire les d\u00e9marches par soi-m\u00eame, il faut juste du temps (pour se rendre aux ambassades par exemple), \u00eatre bien renseign\u00e9s sur les co\u00fbts et les documents \u00e0 fournir (pour ne pas avoir \u00e0 payer les extras r\u00e9serv\u00e9s aux touristes), et conna\u00eetre les moyens de transport pour se rendre aux fronti\u00e8res (pour ne pas se sentir oblig\u00e9 de prendre un package bus+visa). Et oui, voyager n\u00e9cessite un peu de pr\u00e9paration\u00a0!<\/p>\n","protected":false},"excerpt":{"rendered":"<p>Voyager \u00e0 l&rsquo;\u00e9tranger rime souvent avec formalit\u00e9s administratives pour acqu\u00e9rir le s\u00e9same qui permettra de d\u00e9couvrir un nouveau pays : le VISA.Pour notre voyage autour du monde, nous avons d\u00fb nous poser ces questions uniquement pour notre p\u00e9riple en Asie,<\/p>\n","protected":false},"author":1,"featured_media":5855,"parent":144,"menu_order":0,"comment_status":"open","ping_status":"open","template":"","meta":{"ngg_post_thumbnail":0,"footnotes":"","_links_to":"","_links_to_target":""},"class_list":["post-64","page","type-page","status-publish","has-post-thumbnail","hentry"],"_links":{"self":[{"href":"https:\/\/letourdumondeen.fr\/index.php?rest_route=\/wp\/v2\/pages\/64","targetHints":{"allow":["GET"]}}],"collection":[{"href":"https:\/\/letourdumondeen.fr\/index.php?rest_route=\/wp\/v2\/pages"}],"about":[{"href":"https:\/\/letourdumondeen.fr\/index.php?rest_route=\/wp\/v2\/types\/page"}],"author":[{"embeddable":true,"href":"https:\/\/letourdumondeen.fr\/index.php?rest_route=\/wp\/v2\/users\/1"}],"replies":[{"embeddable":true,"href":"https:\/\/letourdumondeen.fr\/index.php?rest_route=%2Fwp%2Fv2%2Fcomments&post=64"}],"version-history":[{"count":20,"href":"https:\/\/letourdumondeen.fr\/index.php?rest_route=\/wp\/v2\/pages\/64\/revisions"}],"predecessor-version":[{"id":5851,"href":"https:\/\/letourdumondeen.fr\/index.php?rest_route=\/wp\/v2\/pages\/64\/revisions\/5851"}],"up":[{"embeddable":true,"href":"https:\/\/letourdumondeen.fr\/index.php?rest_route=\/wp\/v2\/pages\/144"}],"wp:featuredmedia":[{"embeddable":true,"href":"https:\/\/letourdumondeen.fr\/index.php?rest_route=\/wp\/v2\/media\/5855"}],"wp:attachment":[{"href":"https:\/\/letourdumondeen.fr\/index.php?rest_route=%2Fwp%2Fv2%2Fmedia&parent=64"}],"curies":[{"name":"wp","href":"https:\/\/api.w.org\/{rel}","templated":true}]}}