{"id":102,"date":"2014-09-29T22:28:52","date_gmt":"2014-09-29T21:28:52","guid":{"rendered":"https:\/\/letourdumondeen.fr\/?page_id=102"},"modified":"2014-10-25T22:50:05","modified_gmt":"2014-10-25T21:50:05","slug":"un-logo","status":"publish","type":"page","link":"https:\/\/letourdumondeen.fr\/?page_id=102","title":{"rendered":"Le tour du monde en 20 000 lieues autour de la Terre"},"content":{"rendered":"<p><a href=\"https:\/\/letourdumondeen.fr\/wp-content\/uploads\/2014\/09\/letourdumondeen.png\" rel=\"lightbox[102]\"><img loading=\"lazy\" decoding=\"async\" class=\"size-medium wp-image-99 alignleft\" src=\"https:\/\/letourdumondeen.fr\/wp-content\/uploads\/2014\/09\/letourdumondeen-217x300.png\" alt=\"letourdumondeen\" width=\"217\" height=\"300\" srcset=\"https:\/\/letourdumondeen.fr\/wp-content\/uploads\/2014\/09\/letourdumondeen-217x300.png 217w, https:\/\/letourdumondeen.fr\/wp-content\/uploads\/2014\/09\/letourdumondeen-742x1024.png 742w, https:\/\/letourdumondeen.fr\/wp-content\/uploads\/2014\/09\/letourdumondeen.png 1442w\" sizes=\"auto, (max-width: 217px) 100vw, 217px\" \/><\/a>On a eu beau faire tourner nos m\u00e9ninges, faire du super brainstorming d&rsquo;enfer : ce fut malgr\u00e9 tout une vraie corv\u00e9e de trouver un nom original, qui nous ressemble, ne soit pas d\u00e9j\u00e0 pris par 4 ou 5 autres blogueurs&#8230; Alors on a\u00a0 finalement choisi d&rsquo;aller dans l&rsquo;autod\u00e9rision en vous imposant un magnifique pl\u00e9onasme.<\/p><p>Loin de nous l&rsquo;id\u00e9e de vouloir \u00e9galer le style et la qualit\u00e9 d&rsquo;\u00e9criture de Jules, mais, oui, il nous a beaucoup inspir\u00e9. <b>Aventures<\/b>, <b>voyages<\/b> et <b>d\u00e9couvertes<\/b> sont les mots clefs des romans auxquels nous faisons r\u00e9f\u00e9rence, et qui guiderons aussi ce chapitre de notre vie.<\/p><p>On a quand m\u00eame \u00e9t\u00e9 sympa, on a choisi un url plus court et facile \u00e0 retenir !<br \/>\nNB. : techniquement, on va presque parcourir 20 000 lieues, si si, on a fait le calcul !<\/p>\n","protected":false},"excerpt":{"rendered":"<p>On a eu beau faire tourner nos m\u00e9ninges, faire du super brainstorming d&rsquo;enfer : ce fut malgr\u00e9 tout une vraie corv\u00e9e de trouver un nom original, qui nous ressemble, ne soit pas d\u00e9j\u00e0 pris par 4 ou 5 autres blogueurs&#8230;<\/p>\n","protected":false},"author":1,"featured_media":99,"parent":166,"menu_order":0,"comment_status":"open","ping_status":"open","template":"","meta":{"ngg_post_thumbnail":0,"footnotes":"","_links_to":"","_links_to_target":""},"class_list":["post-102","page","type-page","status-publish","has-post-thumbnail","hentry"],"_links":{"self":[{"href":"https:\/\/letourdumondeen.fr\/index.php?rest_route=\/wp\/v2\/pages\/102","targetHints":{"allow":["GET"]}}],"collection":[{"href":"https:\/\/letourdumondeen.fr\/index.php?rest_route=\/wp\/v2\/pages"}],"about":[{"href":"https:\/\/letourdumondeen.fr\/index.php?rest_route=\/wp\/v2\/types\/page"}],"author":[{"embeddable":true,"href":"https:\/\/letourdumondeen.fr\/index.php?rest_route=\/wp\/v2\/users\/1"}],"replies":[{"embeddable":true,"href":"https:\/\/letourdumondeen.fr\/index.php?rest_route=%2Fwp%2Fv2%2Fcomments&post=102"}],"version-history":[{"count":8,"href":"https:\/\/letourdumondeen.fr\/index.php?rest_route=\/wp\/v2\/pages\/102\/revisions"}],"predecessor-version":[{"id":158,"href":"https:\/\/letourdumondeen.fr\/index.php?rest_route=\/wp\/v2\/pages\/102\/revisions\/158"}],"up":[{"embeddable":true,"href":"https:\/\/letourdumondeen.fr\/index.php?rest_route=\/wp\/v2\/pages\/166"}],"wp:featuredmedia":[{"embeddable":true,"href":"https:\/\/letourdumondeen.fr\/index.php?rest_route=\/wp\/v2\/media\/99"}],"wp:attachment":[{"href":"https:\/\/letourdumondeen.fr\/index.php?rest_route=%2Fwp%2Fv2%2Fmedia&parent=102"}],"curies":[{"name":"wp","href":"https:\/\/api.w.org\/{rel}","templated":true}]}}